{"id":6,"date":"2026-01-19T09:12:53","date_gmt":"2026-01-19T09:12:53","guid":{"rendered":"https:\/\/akupistejuuliakuula.fi\/?page_id=6"},"modified":"2026-01-22T09:02:01","modified_gmt":"2026-01-22T07:02:01","slug":"6-2","status":"publish","type":"page","link":"https:\/\/akupistejuuliakuula.fi\/","title":{"rendered":"Akupiste Juulia Kuula \u2013 Palauta kehosi tasapaino"},"content":{"rendered":"\n<div class=\"wp-block-media-text has-media-on-the-right is-stacked-on-mobile is-image-fill-element\" style=\"margin-top:-20px\"><div class=\"wp-block-media-text__content\">\n<h2 class=\"wp-block-heading\" id=\"mita-on-akupunktio\" style=\"padding-top:var(--wp--preset--spacing--20);padding-bottom:0\"><strong>Mit\u00e4 on akupunktio<\/strong><\/h2>\n\n\n\n<p>Akupunktio on perinteiseen kiinalaiseen l\u00e4\u00e4ketieteeseen perustuva hoitomuoto, jossa stimuloidaan neulalla akupunktiokanavilla sijaitseva akupisteit\u00e4. <\/p>\n\n\n\n<p>Akupunktio on l\u00e4\u00e4kkeet\u00f6n hoitomuoto, jossa ihmist\u00e4 hoidetaan kokonaisuutena. Tavoitteena on palauttaa kehoon tasapainoa ja aktivoida kehon omaa paranemisprosessia toimimaan paremmin. <\/p>\n\n\n\n<p>Hoitotilanne kest\u00e4\u00e4 noin 40 minuuttia. Ensimm\u00e4iseen k\u00e4yntiin on hyv\u00e4 varata aikaa hieman pidemp\u00e4\u00e4n, sill\u00e4 alkuhaastattelu voi vied\u00e4 enemm\u00e4n aikaa. Neuloja laitetaan hoidon aikana muutamia, riippuen aina hoidettavasta vaivasta ja k\u00e4ytett\u00e4v\u00e4st\u00e4 reseptist\u00e4. Hoito suunnitellaan aina yksil\u00f6llisesti. <\/p>\n\n\n\n<p style=\"padding-top:0;padding-bottom:var(--wp--preset--spacing--40)\">Perustan hoitoni vuosien saatossa muovautuneeseen k\u00e4sitykseen ihmiskehon toiminnasta. Kokemukseni olen hankkinut sairaanhoitajana ja ensihoitajana perus- ja erikoissairaanhoidossa. Akupunktion ja perinteisen kiinalaisen l\u00e4\u00e4ketieteen opit olen saanut T. Inkerilt\u00e4.<\/p>\n<\/div><figure class=\"wp-block-media-text__media\"><img loading=\"lazy\" decoding=\"async\" width=\"1024\" height=\"683\" src=\"https:\/\/akupistejuuliakuula.fi\/wp-content\/uploads\/2026\/01\/AdobeStock_213691742-1024x683.jpeg\" alt=\"\" class=\"wp-image-29 size-full\" style=\"object-position:67% 50%\" srcset=\"https:\/\/akupistejuuliakuula.fi\/wp-content\/uploads\/2026\/01\/AdobeStock_213691742-1024x683.jpeg 1024w, https:\/\/akupistejuuliakuula.fi\/wp-content\/uploads\/2026\/01\/AdobeStock_213691742-300x200.jpeg 300w, https:\/\/akupistejuuliakuula.fi\/wp-content\/uploads\/2026\/01\/AdobeStock_213691742-768x512.jpeg 768w, https:\/\/akupistejuuliakuula.fi\/wp-content\/uploads\/2026\/01\/AdobeStock_213691742-1536x1024.jpeg 1536w, https:\/\/akupistejuuliakuula.fi\/wp-content\/uploads\/2026\/01\/AdobeStock_213691742-2048x1365.jpeg 2048w\" sizes=\"auto, (max-width: 1024px) 100vw, 1024px\" \/><\/figure><\/div>\n\n\n\n<div class=\"wp-block-kadence-column kadence-column6_b381a6-ff\"><div class=\"kt-inside-inner-col\">\n<h2 class=\"wp-block-heading has-text-align-center\" id=\"hoitoaiheita\"><strong>Akupunktion yleisimpi\u00e4 hoitoaiheita:<\/strong><\/h2>\n\n\n<div class=\"kb-row-layout-wrap kb-row-layout-id6_47f4aa-5a alignnone wp-block-kadence-rowlayout\"><div class=\"kt-row-column-wrap kt-has-5-columns kt-row-layout-equal kt-tab-layout-three-grid kt-mobile-layout-row kt-row-valign-top\">\n\n<div class=\"wp-block-kadence-column kadence-column6_dfa297-39\"><div class=\"kt-inside-inner-col\">\n<div class=\"wp-block-kadence-infobox kt-info-box6_475566-72\"><span class=\"kt-blocks-info-box-link-wrap info-box-link kt-blocks-info-box-media-align-top kt-info-halign-center\"><div class=\"kt-infobox-textcontent\"><h4 class=\"kt-blocks-info-box-title\"><strong>Painonhallinnan tueksi<\/strong><\/h4><\/div><\/span><\/div>\n<\/div><\/div>\n\n\n\n<div class=\"wp-block-kadence-column kadence-column6_9010e8-84\"><div class=\"kt-inside-inner-col\">\n<div class=\"wp-block-kadence-infobox kt-info-box6_dd1044-59\"><span class=\"kt-blocks-info-box-link-wrap info-box-link kt-blocks-info-box-media-align-top kt-info-halign-center\"><div class=\"kt-infobox-textcontent\"><h4 class=\"kt-blocks-info-box-title\"><strong>Erilaiset kiputilat ja s\u00e4ryt<\/strong><\/h4><\/div><\/span><\/div>\n<\/div><\/div>\n\n\n\n<div class=\"wp-block-kadence-column kadence-column6_2ba733-8d\"><div class=\"kt-inside-inner-col\">\n<div class=\"wp-block-kadence-infobox kt-info-box6_bb2ebb-9b\"><span class=\"kt-blocks-info-box-link-wrap info-box-link kt-blocks-info-box-media-align-top kt-info-halign-center\"><div class=\"kt-infobox-textcontent\"><h4 class=\"kt-blocks-info-box-title\"><strong>Tuki- ja liikuntaelinten vaivat<\/strong><\/h4><\/div><\/span><\/div>\n<\/div><\/div>\n\n\n\n<div class=\"wp-block-kadence-column kadence-column6_64752e-ba\"><div class=\"kt-inside-inner-col\">\n<div class=\"wp-block-kadence-infobox kt-info-box6_0f0314-ad\"><span class=\"kt-blocks-info-box-link-wrap info-box-link kt-blocks-info-box-media-align-top kt-info-halign-center\"><div class=\"kt-infobox-textcontent\"><h4 class=\"kt-blocks-info-box-title\"><strong>Hermostoper\u00e4iset ongelmat<\/strong><\/h4><\/div><\/span><\/div>\n<\/div><\/div>\n\n\n\n<div class=\"wp-block-kadence-column kadence-column6_d5f072-5f\"><div class=\"kt-inside-inner-col\">\n<div class=\"wp-block-kadence-infobox kt-info-box6_d90c7f-da\"><span class=\"kt-blocks-info-box-link-wrap info-box-link kt-blocks-info-box-media-align-top kt-info-halign-center\"><div class=\"kt-infobox-textcontent\"><h4 class=\"kt-blocks-info-box-title\"><strong>Migreeni, p\u00e4\u00e4ns\u00e4rky<\/strong><\/h4><\/div><\/span><\/div>\n<\/div><\/div>\n\n\n\n<div class=\"wp-block-kadence-column kadence-column6_43595e-f5\"><div class=\"kt-inside-inner-col\">\n<div class=\"wp-block-kadence-infobox kt-info-box6_fe09ca-93\"><span class=\"kt-blocks-info-box-link-wrap info-box-link kt-blocks-info-box-media-align-top kt-info-halign-center\"><div class=\"kt-infobox-textcontent\"><h4 class=\"kt-blocks-info-box-title\"><strong>Kuukautish\u00e4ri\u00f6t ja vaihdevuosioirteet<\/strong><\/h4><\/div><\/span><\/div>\n<\/div><\/div>\n\n\n\n<div class=\"wp-block-kadence-column kadence-column6_47bb5f-49\"><div class=\"kt-inside-inner-col\">\n<div class=\"wp-block-kadence-infobox kt-info-box6_2a824c-1d\"><span class=\"kt-blocks-info-box-link-wrap info-box-link kt-blocks-info-box-media-align-top kt-info-halign-center\"><div class=\"kt-infobox-textcontent\"><h4 class=\"kt-blocks-info-box-title\"><strong>Hedelm\u00e4llisyyden tueksi raskaushaaveessa<\/strong><\/h4><\/div><\/span><\/div>\n<\/div><\/div>\n\n\n\n<div class=\"wp-block-kadence-column kadence-column6_eb59ec-81\"><div class=\"kt-inside-inner-col\">\n<div class=\"wp-block-kadence-infobox kt-info-box6_e5fe47-ff\"><span class=\"kt-blocks-info-box-link-wrap info-box-link kt-blocks-info-box-media-align-top kt-info-halign-center\"><div class=\"kt-infobox-textcontent\"><h4 class=\"kt-blocks-info-box-title\"><strong>Raskaus-<\/strong><br><strong>pahoinvointi<\/strong><\/h4><\/div><\/span><\/div>\n<\/div><\/div>\n\n\n\n<div class=\"wp-block-kadence-column kadence-column6_daaccf-b5\"><div class=\"kt-inside-inner-col\">\n<div class=\"wp-block-kadence-infobox kt-info-box6_23d833-ea\"><span class=\"kt-blocks-info-box-link-wrap info-box-link kt-blocks-info-box-media-align-top kt-info-halign-center\"><div class=\"kt-infobox-textcontent\"><h4 class=\"kt-blocks-info-box-title\"><strong>Erilaiset vatsa- ja suolisto-oireet<\/strong><\/h4><\/div><\/span><\/div>\n<\/div><\/div>\n\n\n\n<div class=\"wp-block-kadence-column kadence-column6_8c904e-49\"><div class=\"kt-inside-inner-col\">\n<div class=\"wp-block-kadence-infobox kt-info-box6_28ed11-58\"><span class=\"kt-blocks-info-box-link-wrap info-box-link kt-blocks-info-box-media-align-top kt-info-halign-center\"><div class=\"kt-infobox-textcontent\"><h4 class=\"kt-blocks-info-box-title\"><strong>Turvotukset<\/strong><\/h4><\/div><\/span><\/div>\n<\/div><\/div>\n\n<\/div><\/div><\/div><\/div>\n\n\n\n<div class=\"wp-block-kadence-column kadence-column6_deb0ad-a4\"><div class=\"kt-inside-inner-col\">\n<h2 class=\"wp-block-heading\" id=\"kenelle-akupunktio-sopii\"><strong>Kenelle akupunktio sopii<\/strong><\/h2>\n\n\n\n<p>Akupunktio sopii kaikille, mutta tietyiss\u00e4 tiloissa hoitoon voi liitty\u00e4 rajoituksia. <strong>Esimerkiksi raskaus, verenohennusl\u00e4\u00e4ke tai tahdistin ovat hoidossa huomioon otettavia seikkoja.<\/strong> <\/p>\n\n\n\n<p>Parhaan tuloksen saamiseksi hoito kannattaa yleens\u00e4 ottaa muutaman hoidon sarjana, jolloin hoidossa k\u00e4yd\u00e4\u00e4n noin viikon v\u00e4lein. Joskus akuutti oire saattaa lieventy\u00e4 jo kerta k\u00e4ynnist\u00e4kin. <\/p>\n\n\n\n<p>Nyrkkis\u00e4\u00e4nt\u00f6n\u00e4 voidaan pit\u00e4\u00e4 oirekuvan kestoa; mit\u00e4 pidemp\u00e4\u00e4n vaiva on jatkunut, sit\u00e4 useampi hoito tarvitaan oireen lievitt\u00e4miseksi.<\/p>\n<\/div><\/div>\n\n\n\n<div class=\"wp-block-kadence-column kadence-column6_11a1aa-6e\"><div class=\"kt-inside-inner-col\">\n<h2 class=\"wp-block-heading has-text-align-center\" id=\"hinnasto\"><strong>Hinnasto<\/strong><\/h2>\n\n\n<div class=\"kb-row-layout-wrap kb-row-layout-id6_455100-78 alignnone wp-block-kadence-rowlayout\"><div class=\"kt-row-column-wrap kt-has-4-columns kt-row-layout-equal kt-tab-layout-two-grid kt-mobile-layout-row kt-row-valign-top\">\n\n<div class=\"wp-block-kadence-column kadence-column6_378c81-6e\"><div class=\"kt-inside-inner-col\">\n<div class=\"wp-block-kadence-infobox kt-info-box6_3212c5-11\"><span class=\"kt-blocks-info-box-link-wrap info-box-link kt-blocks-info-box-media-align-top kt-info-halign-center\"><div class=\"kt-infobox-textcontent\"><h2 class=\"kt-blocks-info-box-title\"><strong>50 \u20ac<\/strong><\/h2><p class=\"kt-blocks-info-box-text\"><strong>Kertahoito<\/strong><\/p><\/div><\/span><\/div>\n<\/div><\/div>\n\n\n\n<div class=\"wp-block-kadence-column kadence-column6_a37bc7-e1\"><div class=\"kt-inside-inner-col\">\n<div class=\"wp-block-kadence-infobox kt-info-box6_1ab153-86\"><span class=\"kt-blocks-info-box-link-wrap info-box-link kt-blocks-info-box-media-align-top kt-info-halign-center\"><div class=\"kt-infobox-textcontent\"><h2 class=\"kt-blocks-info-box-title\"><strong>140 \u20ac<\/strong><\/h2><p class=\"kt-blocks-info-box-text\"><strong>3x sarjakortti<\/strong><\/p><\/div><\/span><\/div>\n<\/div><\/div>\n\n\n\n<div class=\"wp-block-kadence-column kadence-column6_855ac6-7e\"><div class=\"kt-inside-inner-col\">\n<div class=\"wp-block-kadence-infobox kt-info-box6_666de4-c7\"><span class=\"kt-blocks-info-box-link-wrap info-box-link kt-blocks-info-box-media-align-top kt-info-halign-center\"><div class=\"kt-infobox-textcontent\"><h2 class=\"kt-blocks-info-box-title\"><strong>220 \u20ac<\/strong><\/h2><p class=\"kt-blocks-info-box-text\"><strong>5x sarjakortti<\/strong><\/p><\/div><\/span><\/div>\n<\/div><\/div>\n\n\n\n<div class=\"wp-block-kadence-column kadence-column6_85a51d-bc\"><div class=\"kt-inside-inner-col\">\n<div class=\"wp-block-kadence-infobox kt-info-box6_1ddbd7-e5\"><span class=\"kt-blocks-info-box-link-wrap info-box-link kt-blocks-info-box-media-align-top kt-info-halign-center\"><div class=\"kt-infobox-textcontent\"><h2 class=\"kt-blocks-info-box-title\"><strong>430 \u20ac<\/strong><\/h2><p class=\"kt-blocks-info-box-text\"><strong>10x sarjakortti<\/strong><\/p><\/div><\/span><\/div>\n<\/div><\/div>\n\n<\/div><\/div>\n\n\n<div class=\"wp-block-kadence-advancedbtn kb-buttons-wrap kb-btns6_647011-4b\"><a class=\"kb-button kt-button button kb-btn6_4eb77b-88 kt-btn-size-xlarge kt-btn-width-type-auto kb-btn-global-fill  kt-btn-has-text-true kt-btn-has-svg-false  wp-block-kadence-singlebtn\" href=\"https:\/\/slotti.fi\/booking\/akupistejuuliakuula\/\" target=\"_blank\" rel=\"noreferrer noopener\"><span class=\"kt-btn-inner-text\">Varaa aika<\/span><\/a><\/div>\n<\/div><\/div>\n","protected":false},"excerpt":{"rendered":"<p>Mit\u00e4 on akupunktio Akupunktio on perinteiseen kiinalaiseen l\u00e4\u00e4ketieteeseen perustuva hoitomuoto, jossa stimuloidaan neulalla akupunktiokanavilla sijaitseva akupisteit\u00e4. Akupunktio on l\u00e4\u00e4kkeet\u00f6n hoitomuoto, jossa ihmist\u00e4 hoidetaan kokonaisuutena. Tavoitteena on palauttaa kehoon tasapainoa ja aktivoida kehon omaa paranemisprosessia toimimaan paremmin. Hoitotilanne kest\u00e4\u00e4 noin 40 minuuttia. Ensimm\u00e4iseen k\u00e4yntiin on hyv\u00e4 varata aikaa hieman pidemp\u00e4\u00e4n, sill\u00e4 alkuhaastattelu voi vied\u00e4 enemm\u00e4n aikaa. [&hellip;]<\/p>\n","protected":false},"author":1,"featured_media":0,"parent":0,"menu_order":0,"comment_status":"closed","ping_status":"closed","template":"akupiste-template","meta":{"footnotes":""},"class_list":["post-6","page","type-page","status-publish","hentry"],"_links":{"self":[{"href":"https:\/\/akupistejuuliakuula.fi\/index.php?rest_route=\/wp\/v2\/pages\/6","targetHints":{"allow":["GET"]}}],"collection":[{"href":"https:\/\/akupistejuuliakuula.fi\/index.php?rest_route=\/wp\/v2\/pages"}],"about":[{"href":"https:\/\/akupistejuuliakuula.fi\/index.php?rest_route=\/wp\/v2\/types\/page"}],"author":[{"embeddable":true,"href":"https:\/\/akupistejuuliakuula.fi\/index.php?rest_route=\/wp\/v2\/users\/1"}],"replies":[{"embeddable":true,"href":"https:\/\/akupistejuuliakuula.fi\/index.php?rest_route=%2Fwp%2Fv2%2Fcomments&post=6"}],"version-history":[{"count":5,"href":"https:\/\/akupistejuuliakuula.fi\/index.php?rest_route=\/wp\/v2\/pages\/6\/revisions"}],"predecessor-version":[{"id":33,"href":"https:\/\/akupistejuuliakuula.fi\/index.php?rest_route=\/wp\/v2\/pages\/6\/revisions\/33"}],"wp:attachment":[{"href":"https:\/\/akupistejuuliakuula.fi\/index.php?rest_route=%2Fwp%2Fv2%2Fmedia&parent=6"}],"curies":[{"name":"wp","href":"https:\/\/api.w.org\/{rel}","templated":true}]}}